{"id":5905,"date":"2022-04-14T16:28:12","date_gmt":"2022-04-14T14:28:12","guid":{"rendered":"https:\/\/mz.helloou.com\/?page_id=5905"},"modified":"2024-07-23T13:03:55","modified_gmt":"2024-07-23T11:03:55","slug":"kontakt","status":"publish","type":"page","link":"https:\/\/mz.helloou.com\/en\/kontakt\/","title":{"rendered":"Contact"},"content":{"rendered":"<div data-elementor-type=\"wp-page\" data-elementor-id=\"5905\" class=\"elementor elementor-5905\" data-elementor-post-type=\"page\">\n\t\t\t\t\t\t<section class=\"elementor-section elementor-top-section elementor-element elementor-element-8dc0d8d elementor-section-stretched elementor-section-boxed elementor-section-height-default elementor-section-height-default eltdf-parallax-row-no eltdf-content-aligment-left eltdf-elementor-row-grid-no eltdf-disabled-bg-image-bellow-no\" data-id=\"8dc0d8d\" data-element_type=\"section\" data-settings=\"{&quot;stretch_section&quot;:&quot;section-stretched&quot;}\">\n\t\t\t\t\t\t<div class=\"elementor-container elementor-column-gap-default\">\n\t\t\t\t\t<div class=\"elementor-column elementor-col-100 elementor-top-column elementor-element elementor-element-accc955\" data-id=\"accc955\" data-element_type=\"column\">\n\t\t\t<div class=\"elementor-widget-wrap elementor-element-populated\">\n\t\t\t\t\t\t<section class=\"elementor-section elementor-inner-section elementor-element elementor-element-ee29679 elementor-section-full_width eltdf-elementor-row-grid-section elementor-section-height-default elementor-section-height-default eltdf-parallax-row-no eltdf-content-aligment-left eltdf-disabled-bg-image-bellow-no\" data-id=\"ee29679\" data-element_type=\"section\">\n\t\t\t\t\t\t<div class=\"elementor-container elementor-column-gap-default\">\n\t\t\t\t\t<div class=\"elementor-column elementor-col-50 elementor-inner-column elementor-element elementor-element-b82e55f\" data-id=\"b82e55f\" data-element_type=\"column\">\n\t\t\t<div class=\"elementor-widget-wrap elementor-element-populated\">\n\t\t\t\t\t\t<div class=\"elementor-element elementor-element-002bbea elementor-invisible elementor-widget elementor-widget-image\" data-id=\"002bbea\" data-element_type=\"widget\" data-settings=\"{&quot;_animation&quot;:&quot;fadeInUp&quot;}\" data-widget_type=\"image.default\">\n\t\t\t\t<div class=\"elementor-widget-container\">\n\t\t\t\t\t\t\t\t\t\t\t\t\t\t\t<img fetchpriority=\"high\" decoding=\"async\" width=\"680\" height=\"920\" src=\"https:\/\/mz.helloou.com\/wp-content\/uploads\/2022\/04\/mez-gall-9.jpg\" class=\"attachment-large size-large wp-image-5472\" alt=\"\" srcset=\"https:\/\/mz.helloou.com\/wp-content\/uploads\/2022\/04\/mez-gall-9.jpg 680w, https:\/\/mz.helloou.com\/wp-content\/uploads\/2022\/04\/mez-gall-9-222x300.jpg 222w, https:\/\/mz.helloou.com\/wp-content\/uploads\/2022\/04\/mez-gall-9-148x200.jpg 148w, https:\/\/mz.helloou.com\/wp-content\/uploads\/2022\/04\/mez-gall-9-9x12.jpg 9w\" sizes=\"(max-width: 680px) 100vw, 680px\" \/>\t\t\t\t\t\t\t\t\t\t\t\t\t\t\t<\/div>\n\t\t\t\t<\/div>\n\t\t\t\t\t<\/div>\n\t\t<\/div>\n\t\t\t\t<div class=\"elementor-column elementor-col-50 elementor-inner-column elementor-element elementor-element-565337d\" data-id=\"565337d\" data-element_type=\"column\">\n\t\t\t<div class=\"elementor-widget-wrap elementor-element-populated\">\n\t\t\t\t\t\t<div class=\"elementor-element elementor-element-1f3b824 elementor-icon-list--layout-traditional elementor-list-item-link-full_width elementor-widget elementor-widget-icon-list\" data-id=\"1f3b824\" data-element_type=\"widget\" data-widget_type=\"icon-list.default\">\n\t\t\t\t<div class=\"elementor-widget-container\">\n\t\t\t\t\t\t\t<ul class=\"elementor-icon-list-items\">\n\t\t\t\t\t\t\t<li class=\"elementor-icon-list-item\">\n\t\t\t\t\t\t\t\t\t\t\t<span class=\"elementor-icon-list-icon\">\n\t\t\t\t\t\t\t<i aria-hidden=\"true\" class=\"fas fa-map-marker-alt\"><\/i>\t\t\t\t\t\t<\/span>\n\t\t\t\t\t\t\t\t\t\t<span class=\"elementor-icon-list-text\">Mezcalli Bratislava, N\u00e1mestie SNP 1, 811 06 Bratislava<\/span>\n\t\t\t\t\t\t\t\t\t<\/li>\n\t\t\t\t\t\t\t\t<li class=\"elementor-icon-list-item\">\n\t\t\t\t\t\t\t\t\t\t\t<span class=\"elementor-icon-list-icon\">\n\t\t\t\t\t\t\t<i aria-hidden=\"true\" class=\"fas fa-phone-alt\"><\/i>\t\t\t\t\t\t<\/span>\n\t\t\t\t\t\t\t\t\t\t<span class=\"elementor-icon-list-text\">+421 949 548 725<\/span>\n\t\t\t\t\t\t\t\t\t<\/li>\n\t\t\t\t\t\t\t\t<li class=\"elementor-icon-list-item\">\n\t\t\t\t\t\t\t\t\t\t\t<a href=\"http:\/\/mezcalli.bratislava@gmail.com\">\n\n\t\t\t\t\t\t\t\t\t\t\t\t<span class=\"elementor-icon-list-icon\">\n\t\t\t\t\t\t\t<i aria-hidden=\"true\" class=\"far fa-envelope\"><\/i>\t\t\t\t\t\t<\/span>\n\t\t\t\t\t\t\t\t\t\t<span class=\"elementor-icon-list-text\">info@mz.helloou.com<\/span>\n\t\t\t\t\t\t\t\t\t\t\t<\/a>\n\t\t\t\t\t\t\t\t\t<\/li>\n\t\t\t\t\t\t<\/ul>\n\t\t\t\t\t\t<\/div>\n\t\t\t\t<\/div>\n\t\t\t\t<div class=\"elementor-element elementor-element-e414a33 elementor-button-align-stretch elementor-widget elementor-widget-form\" data-id=\"e414a33\" data-element_type=\"widget\" data-settings=\"{&quot;step_next_label&quot;:&quot;Next&quot;,&quot;step_previous_label&quot;:&quot;Previous&quot;,&quot;button_width&quot;:&quot;100&quot;,&quot;step_type&quot;:&quot;number_text&quot;,&quot;step_icon_shape&quot;:&quot;circle&quot;}\" data-widget_type=\"form.default\">\n\t\t\t\t<div class=\"elementor-widget-container\">\n\t\t\t\t\t\t\t<form class=\"elementor-form\" method=\"post\" name=\"New Form\" action=\"\">\n\t\t\t<input type=\"hidden\" name=\"post_id\" value=\"5905\"\/>\n\t\t\t<input type=\"hidden\" name=\"form_id\" value=\"e414a33\"\/>\n\t\t\t<input type=\"hidden\" name=\"referer_title\" value=\"Mezcalli\" \/>\n\n\t\t\t\n\t\t\t<div class=\"elementor-form-fields-wrapper elementor-labels-\">\n\t\t\t\t\t\t\t\t<div class=\"elementor-field-type-text elementor-field-group elementor-column elementor-field-group-name elementor-col-50\">\n\t\t\t\t\t\t\t\t\t\t\t\t\t<input size=\"1\" type=\"text\" name=\"form_fields[name]\" id=\"form-field-name\" class=\"elementor-field elementor-size-md  elementor-field-textual\" placeholder=\"Name\">\n\t\t\t\t\t\t\t\t\t\t\t<\/div>\n\t\t\t\t\t\t\t\t<div class=\"elementor-field-type-email elementor-field-group elementor-column elementor-field-group-email elementor-col-50 elementor-field-required\">\n\t\t\t\t\t\t\t\t\t\t\t\t\t<input size=\"1\" type=\"email\" name=\"form_fields[email]\" id=\"form-field-email\" class=\"elementor-field elementor-size-md  elementor-field-textual\" placeholder=\"Email\" required=\"required\">\n\t\t\t\t\t\t\t\t\t\t\t<\/div>\n\t\t\t\t\t\t\t\t<div class=\"elementor-field-type-textarea elementor-field-group elementor-column elementor-field-group-message elementor-col-100 elementor-field-required\">\n\t\t\t\t\t\t\t\t\t\t\t\t<label for=\"form-field-message\" class=\"elementor-field-label elementor-screen-only\">\n\t\t\t\t\t\t\t\tMessage\t\t\t\t\t\t\t<\/label>\n\t\t\t\t\t\t<textarea class=\"elementor-field-textual elementor-field  elementor-size-md\" name=\"form_fields[message]\" id=\"form-field-message\" rows=\"5\" placeholder=\"Message\" required=\"required\"><\/textarea>\t\t\t\t<\/div>\n\t\t\t\t\t\t\t\t<div class=\"elementor-field-type-recaptcha_v3 elementor-field-group elementor-column elementor-field-group-field_bc0344f elementor-col-100 recaptcha_v3-bottomright\">\n\t\t\t\t\t<div class=\"elementor-field\" id=\"form-field-field_bc0344f\"><div class=\"elementor-g-recaptcha\" data-sitekey=\"6LdOfv4gAAAAAKGfRNwTY4bvLvKLBvyJxkFqBfEw\" data-type=\"v3\" data-action=\"Form\" data-badge=\"bottomright\" data-size=\"invisible\"><\/div><\/div>\t\t\t\t<\/div>\n\t\t\t\t\t\t\t\t<div class=\"elementor-field-type-acceptance elementor-field-group elementor-column elementor-field-group-field_406578b elementor-col-100 elementor-field-required\">\n\t\t\t\t\t\t\t<div class=\"elementor-field-subgroup\">\n\t\t\t<span class=\"elementor-field-option\">\n\t\t\t\t<input type=\"checkbox\" name=\"form_fields[field_406578b]\" id=\"form-field-field_406578b\" class=\"elementor-field elementor-size-md  elementor-acceptance-field\" required=\"required\">\n\t\t\t\t<label for=\"form-field-field_406578b\"><span style=\"font-size: 12px; color: #caab81;\">I agree with <a href=\"https:\/\/mz.helloou.com\/en\/vyhlasenie-o-ochrane-osobnych-udajov-eu\/\">Privacy Policy<\/a> in order to fulfill my request. This site is protected by reCAPTCHA and the Google <a href=\"https:\/\/policies.google.com\/privacy\">Privacy Policy<\/a> and <a href=\"https:\/\/policies.google.com\/terms\">Terms of Service<\/a> apply.<\/span><\/label>\t\t\t<\/span>\n\t\t<\/div>\n\t\t\t\t\t\t<\/div>\n\t\t\t\t\t\t\t\t<div class=\"elementor-field-group elementor-column elementor-field-type-submit elementor-col-100 e-form__buttons\">\n\t\t\t\t\t<button class=\"elementor-button elementor-size-md\" type=\"submit\">\n\t\t\t\t\t\t<span class=\"elementor-button-content-wrapper\">\n\t\t\t\t\t\t\t\t\t\t\t\t\t\t\t\t\t\t\t\t\t\t<span class=\"elementor-button-text\">Send a message<\/span>\n\t\t\t\t\t\t\t\t\t\t\t\t\t<\/span>\n\t\t\t\t\t<\/button>\n\t\t\t\t<\/div>\n\t\t\t<\/div>\n\t\t<input type=\"hidden\" name=\"trp-form-language\" value=\"en\"\/><\/form>\n\t\t\t\t\t\t<\/div>\n\t\t\t\t<\/div>\n\t\t\t\t\t<\/div>\n\t\t<\/div>\n\t\t\t\t\t<\/div>\n\t\t<\/section>\n\t\t\t\t\t<\/div>\n\t\t<\/div>\n\t\t\t\t\t<\/div>\n\t\t<\/section>\n\t\t\t\t<section class=\"elementor-section elementor-top-section elementor-element elementor-element-98309aa elementor-section-full_width elementor-section-stretched elementor-section-height-default elementor-section-height-default eltdf-parallax-row-no eltdf-content-aligment-left eltdf-elementor-row-grid-no eltdf-disabled-bg-image-bellow-no\" data-id=\"98309aa\" data-element_type=\"section\" data-settings=\"{&quot;stretch_section&quot;:&quot;section-stretched&quot;}\">\n\t\t\t\t\t\t<div class=\"elementor-container elementor-column-gap-no\">\n\t\t\t\t\t<div class=\"elementor-column elementor-col-100 elementor-top-column elementor-element elementor-element-d2ce55c\" data-id=\"d2ce55c\" data-element_type=\"column\">\n\t\t\t<div class=\"elementor-widget-wrap elementor-element-populated\">\n\t\t\t\t\t\t<div class=\"elementor-element elementor-element-6b8b068 elementor-widget elementor-widget-google_maps\" data-id=\"6b8b068\" data-element_type=\"widget\" data-widget_type=\"google_maps.default\">\n\t\t\t\t<div class=\"elementor-widget-container\">\n\t\t\t\t\t\t\t<div class=\"elementor-custom-embed\">\n\t\t\t<iframe loading=\"lazy\"\n\t\t\t\t\tsrc=\"https:\/\/maps.google.com\/maps?q=N%C3%A1mestie%20SNP%201%2C%20811%2006%20Bratislava&#038;t=m&#038;z=13&#038;output=embed&#038;iwloc=near\"\n\t\t\t\t\ttitle=\"N\u00e1mestie SNP 1, 811 06 Bratislava\"\n\t\t\t\t\taria-label=\"N\u00e1mestie SNP 1, 811 06 Bratislava\"\n\t\t\t><\/iframe>\n\t\t<\/div>\n\t\t\t\t\t\t<\/div>\n\t\t\t\t<\/div>\n\t\t\t\t\t<\/div>\n\t\t<\/div>\n\t\t\t\t\t<\/div>\n\t\t<\/section>\n\t\t\t\t<\/div>","protected":false},"excerpt":{"rendered":"<p>info@mz.helloou.com<\/p>","protected":false},"author":1,"featured_media":0,"parent":0,"menu_order":0,"comment_status":"closed","ping_status":"closed","template":"","meta":{"footnotes":""},"class_list":["post-5905","page","type-page","status-publish","hentry"],"yoast_head":"<!-- This site is optimized with the Yoast SEO plugin v24.5 - https:\/\/yoast.com\/wordpress\/plugins\/seo\/ -->\n<title>Kontakt - Mezcalli<\/title>\n<meta name=\"robots\" content=\"noindex, follow, max-snippet:-1, max-image-preview:large, max-video-preview:-1\" \/>\n<meta property=\"og:locale\" content=\"en_GB\" \/>\n<meta property=\"og:type\" content=\"article\" \/>\n<meta property=\"og:title\" content=\"Kontakt - Mezcalli\" \/>\n<meta property=\"og:description\" content=\"info@mz.helloou.com\" \/>\n<meta property=\"og:url\" content=\"https:\/\/mz.helloou.com\/en\/kontakt\/\" \/>\n<meta property=\"og:site_name\" content=\"Mezcalli\" \/>\n<meta property=\"article:publisher\" content=\"https:\/\/www.facebook.com\/mezcallirestaurant\" \/>\n<meta property=\"article:modified_time\" content=\"2024-07-23T11:03:55+00:00\" \/>\n<meta name=\"twitter:card\" content=\"summary_large_image\" \/>\n<meta name=\"twitter:label1\" content=\"Estimated reading time\" \/>\n\t<meta name=\"twitter:data1\" content=\"1 minute\" \/>\n<script type=\"application\/ld+json\" class=\"yoast-schema-graph\">{\"@context\":\"https:\/\/schema.org\",\"@graph\":[{\"@type\":\"WebPage\",\"@id\":\"https:\/\/mz.helloou.com\/en\/kontakt\/\",\"url\":\"https:\/\/mz.helloou.com\/en\/kontakt\/\",\"name\":\"Kontakt - Mezcalli\",\"isPartOf\":{\"@id\":\"https:\/\/mz.helloou.com\/#website\"},\"datePublished\":\"2022-04-14T14:28:12+00:00\",\"dateModified\":\"2024-07-23T11:03:55+00:00\",\"breadcrumb\":{\"@id\":\"https:\/\/mz.helloou.com\/en\/kontakt\/#breadcrumb\"},\"inLanguage\":\"en-GB\",\"potentialAction\":[{\"@type\":\"ReadAction\",\"target\":[\"https:\/\/mz.helloou.com\/en\/kontakt\/\"]}]},{\"@type\":\"BreadcrumbList\",\"@id\":\"https:\/\/mz.helloou.com\/en\/kontakt\/#breadcrumb\",\"itemListElement\":[{\"@type\":\"ListItem\",\"position\":1,\"name\":\"Home\",\"item\":\"https:\/\/mz.helloou.com\/\"},{\"@type\":\"ListItem\",\"position\":2,\"name\":\"Kontakt\"}]},{\"@type\":\"WebSite\",\"@id\":\"https:\/\/mz.helloou.com\/#website\",\"url\":\"https:\/\/mz.helloou.com\/\",\"name\":\"Mezcalli\",\"description\":\"Mexick\u00e1 re\u0161taur\u00e1cia\",\"publisher\":{\"@id\":\"https:\/\/mz.helloou.com\/#organization\"},\"potentialAction\":[{\"@type\":\"SearchAction\",\"target\":{\"@type\":\"EntryPoint\",\"urlTemplate\":\"https:\/\/mz.helloou.com\/?s={search_term_string}\"},\"query-input\":{\"@type\":\"PropertyValueSpecification\",\"valueRequired\":true,\"valueName\":\"search_term_string\"}}],\"inLanguage\":\"en-GB\"},{\"@type\":\"Organization\",\"@id\":\"https:\/\/mz.helloou.com\/#organization\",\"name\":\"Mezcalli\",\"url\":\"https:\/\/mz.helloou.com\/\",\"logo\":{\"@type\":\"ImageObject\",\"inLanguage\":\"en-GB\",\"@id\":\"https:\/\/mz.helloou.com\/#\/schema\/logo\/image\/\",\"url\":\"https:\/\/mz.helloou.com\/wp-content\/uploads\/2022\/04\/mezcalli-black.svg\",\"contentUrl\":\"https:\/\/mz.helloou.com\/wp-content\/uploads\/2022\/04\/mezcalli-black.svg\",\"width\":218,\"height\":204,\"caption\":\"Mezcalli\"},\"image\":{\"@id\":\"https:\/\/mz.helloou.com\/#\/schema\/logo\/image\/\"},\"sameAs\":[\"https:\/\/www.facebook.com\/mezcallirestaurant\",\"https:\/\/www.instagram.com\/mezcalli.restaurant\/\",\"https:\/\/www.tripadvisor.com\/Restaurant_Review-g274924-d23896041-Reviews-Mezcalli_Bratislava-Bratislava_Bratislava_Region.html\"]}]}<\/script>\n<!-- \/ Yoast SEO plugin. -->","yoast_head_json":{"title":"Kontakt - Mezcalli","robots":{"index":"noindex","follow":"follow","max-snippet":"max-snippet:-1","max-image-preview":"max-image-preview:large","max-video-preview":"max-video-preview:-1"},"og_locale":"en_GB","og_type":"article","og_title":"Kontakt - Mezcalli","og_description":"info@mz.helloou.com","og_url":"https:\/\/mz.helloou.com\/en\/kontakt\/","og_site_name":"Mezcalli","article_publisher":"https:\/\/www.facebook.com\/mezcallirestaurant","article_modified_time":"2024-07-23T11:03:55+00:00","twitter_card":"summary_large_image","twitter_misc":{"Estimated reading time":"1 minute"},"schema":{"@context":"https:\/\/schema.org","@graph":[{"@type":"WebPage","@id":"https:\/\/mz.helloou.com\/en\/kontakt\/","url":"https:\/\/mz.helloou.com\/en\/kontakt\/","name":"Kontakt - Mezcalli","isPartOf":{"@id":"https:\/\/mz.helloou.com\/#website"},"datePublished":"2022-04-14T14:28:12+00:00","dateModified":"2024-07-23T11:03:55+00:00","breadcrumb":{"@id":"https:\/\/mz.helloou.com\/en\/kontakt\/#breadcrumb"},"inLanguage":"en-GB","potentialAction":[{"@type":"ReadAction","target":["https:\/\/mz.helloou.com\/en\/kontakt\/"]}]},{"@type":"BreadcrumbList","@id":"https:\/\/mz.helloou.com\/en\/kontakt\/#breadcrumb","itemListElement":[{"@type":"ListItem","position":1,"name":"Home","item":"https:\/\/mz.helloou.com\/"},{"@type":"ListItem","position":2,"name":"Kontakt"}]},{"@type":"WebSite","@id":"https:\/\/mz.helloou.com\/#website","url":"https:\/\/mz.helloou.com\/","name":"Mezcalli","description":"Mexick\u00e1 re\u0161taur\u00e1cia","publisher":{"@id":"https:\/\/mz.helloou.com\/#organization"},"potentialAction":[{"@type":"SearchAction","target":{"@type":"EntryPoint","urlTemplate":"https:\/\/mz.helloou.com\/?s={search_term_string}"},"query-input":{"@type":"PropertyValueSpecification","valueRequired":true,"valueName":"search_term_string"}}],"inLanguage":"en-GB"},{"@type":"Organization","@id":"https:\/\/mz.helloou.com\/#organization","name":"Mezcalli","url":"https:\/\/mz.helloou.com\/","logo":{"@type":"ImageObject","inLanguage":"en-GB","@id":"https:\/\/mz.helloou.com\/#\/schema\/logo\/image\/","url":"https:\/\/mz.helloou.com\/wp-content\/uploads\/2022\/04\/mezcalli-black.svg","contentUrl":"https:\/\/mz.helloou.com\/wp-content\/uploads\/2022\/04\/mezcalli-black.svg","width":218,"height":204,"caption":"Mezcalli"},"image":{"@id":"https:\/\/mz.helloou.com\/#\/schema\/logo\/image\/"},"sameAs":["https:\/\/www.facebook.com\/mezcallirestaurant","https:\/\/www.instagram.com\/mezcalli.restaurant\/","https:\/\/www.tripadvisor.com\/Restaurant_Review-g274924-d23896041-Reviews-Mezcalli_Bratislava-Bratislava_Bratislava_Region.html"]}]}},"_links":{"self":[{"href":"https:\/\/mz.helloou.com\/en\/wp-json\/wp\/v2\/pages\/5905","targetHints":{"allow":["GET"]}}],"collection":[{"href":"https:\/\/mz.helloou.com\/en\/wp-json\/wp\/v2\/pages"}],"about":[{"href":"https:\/\/mz.helloou.com\/en\/wp-json\/wp\/v2\/types\/page"}],"author":[{"embeddable":true,"href":"https:\/\/mz.helloou.com\/en\/wp-json\/wp\/v2\/users\/1"}],"replies":[{"embeddable":true,"href":"https:\/\/mz.helloou.com\/en\/wp-json\/wp\/v2\/comments?post=5905"}],"version-history":[{"count":6,"href":"https:\/\/mz.helloou.com\/en\/wp-json\/wp\/v2\/pages\/5905\/revisions"}],"predecessor-version":[{"id":14146,"href":"https:\/\/mz.helloou.com\/en\/wp-json\/wp\/v2\/pages\/5905\/revisions\/14146"}],"wp:attachment":[{"href":"https:\/\/mz.helloou.com\/en\/wp-json\/wp\/v2\/media?parent=5905"}],"curies":[{"name":"wp","href":"https:\/\/api.w.org\/{rel}","templated":true}]}}