{"id":6416,"date":"2022-07-18T20:04:52","date_gmt":"2022-07-18T18:04:52","guid":{"rendered":"https:\/\/mz.helloou.com\/zasady-pouzivania-suborov-cookie-eu\/"},"modified":"2022-09-30T12:03:11","modified_gmt":"2022-09-30T10:03:11","slug":"zasady-pouzivania-suborov-cookie-eu","status":"publish","type":"page","link":"https:\/\/mz.helloou.com\/en\/zasady-pouzivania-suborov-cookie-eu\/","title":{"rendered":"Z\u00e1sady pou\u017e\u00edvania s\u00faborov cookie (E\u00da)"},"content":{"rendered":"<p><i>Toto vyhl\u00e1senie o ochrane osobn\u00fdch \u00fadajov bolo naposledy aktualizovan\u00e9 27.09.2022 a vz\u0165ahuje sa na ob\u010danov a osoby s trval\u00fdm pobytom v Eur\u00f3pskom hospod\u00e1rskom priestore.<\/i><\/p>\n<h5>V tomto vyhl\u00e1sen\u00ed o ochrane osobn\u00fdch \u00fadajov vysvet\u013eujeme, \u010do rob\u00edme s \u00fadajmi, ktor\u00e9 o v\u00e1s z\u00edskame prostredn\u00edctvom https:\/\/mz.helloou.com.\u00a0Odpor\u00fa\u010dame v\u00e1m, aby ste si toto vyhl\u00e1senie pozorne pre\u010d\u00edtali. Pri spracovan\u00ed dodr\u017eiavame po\u017eiadavky pr\u00e1vnych predpisov o ochrane osobn\u00fdch \u00fadajov. To okrem in\u00e9ho znamen\u00e1, \u017ee:<\/h5>\n<ul>\n<li>jasne uv\u00e1dzame \u00fa\u010dely, na ktor\u00e9 sprac\u00favame osobn\u00e9 \u00fadaje. Rob\u00edme to prostredn\u00edctvom tohto vyhl\u00e1senia o ochrane osobn\u00fdch \u00fadajov;<\/li>\n<li>na\u0161\u00edm cie\u013eom je obmedzi\u0165 n\u00e1\u0161 zber osobn\u00fdch \u00fadajov iba na tie osobn\u00e9 \u00fadaje, ktor\u00e9 s\u00fa nevyhnutn\u00e9 na legit\u00edmne \u00fa\u010dely;<\/li>\n<li>najsk\u00f4r po\u017eadujeme v\u00e1\u0161 v\u00fdslovn\u00fd s\u00fahlas so spracovan\u00edm va\u0161ich osobn\u00fdch \u00fadajov v pr\u00edpadoch, ktor\u00e9 vy\u017eaduj\u00fa v\u00e1\u0161 s\u00fahlas;<\/li>\n<li>prij\u00edmame primeran\u00e9 bezpe\u010dnostn\u00e9 opatrenia na ochranu va\u0161ich osobn\u00fdch \u00fadajov a po\u017eadujeme to aj od str\u00e1n, ktor\u00e9 sprac\u00favaj\u00fa osobn\u00e9 \u00fadaje v na\u0161om mene;<\/li>\n<li>re\u0161pektujeme va\u0161e pr\u00e1vo na pr\u00edstup k va\u0161im osobn\u00fdm \u00fadajom alebo na ich opravu alebo vymazanie na va\u0161u \u017eiados\u0165.<\/li>\n<\/ul>\n<p>Ak m\u00e1te ot\u00e1zky alebo chcete presne vedie\u0165, ak\u00e9 \u00fadaje o v\u00e1s uchov\u00e1vame, kontaktujte n\u00e1s.<\/p>\n<h3>1. \u00da\u010del, \u00fadaje a doba uchov\u00e1vania<\/h3>\n<p>Osobn\u00e9 \u00fadaje m\u00f4\u017eeme zhroma\u017e\u010fova\u0165 alebo prij\u00edma\u0165 na mno\u017estvo \u00fa\u010delov spojen\u00fdch s na\u0161imi obchodn\u00fdmi oper\u00e1ciami, ktor\u00e9 m\u00f4\u017eu zah\u0155\u0148a\u0165 nasleduj\u00face:<\/p>\n<h4>1.1 Kontakt &#8211; prostredn\u00edctvom telef\u00f3nu, po\u0161ty, e -mailu a\/alebo webov\u00fdch formul\u00e1rov<\/h4>\n<p class=\"cmplz-subtitle\">Na tento \u00fa\u010del pou\u017e\u00edvame nasleduj\u00face \u00fadaje:<\/p>\n<ul>\n<li>Meno, adresa a mesto<\/li>\n<li>Emailov\u00e1 adresa<\/li>\n<li>Telef\u00f3nne \u010d\u00edslo<\/li>\n<\/ul>\n<p class=\"cmplz-subtitle\">Reten\u010dn\u00e9 obdobie<\/p>\n<p>Po ukon\u010den\u00ed slu\u017eby uchov\u00e1vame tieto \u00fadaje na nasleduj\u00face obdobie: 3 roky.<\/p>\n<h4>1.2 Zostavovanie a anal\u00fdza \u0161tatist\u00edk na zlep\u0161enie webov\u00fdch str\u00e1nok<\/h4>\n<p class=\"cmplz-subtitle\">Na tento \u00fa\u010del pou\u017e\u00edvame nasleduj\u00face \u00fadaje:<\/p>\n<ul>\n<li>Meno, adresa a mesto<\/li>\n<li>D\u00e1tum narodenia<\/li>\n<li>Pou\u017e\u00edvate\u013esk\u00e9 meno, hesl\u00e1 a \u010fal\u0161ie \u00fadaje \u0161pecifick\u00e9 pre \u00fa\u010det<\/li>\n<li>Poloha<\/li>\n<li>Spr\u00e1vanie n\u00e1v\u0161tevn\u00edkov<\/li>\n<\/ul>\n<p class=\"cmplz-subtitle\">Reten\u010dn\u00e9 obdobie<\/p>\n<p>Po ukon\u010den\u00ed slu\u017eby uchov\u00e1vame tieto \u00fadaje na nasleduj\u00face obdobie: 3 roky.<\/p>\n<h3>2. Zdie\u013eanie s in\u00fdmi stranami<\/h3>\n<p>Tieto \u00fadaje zdie\u013eame iba so spracovate\u013emi a in\u00fdmi tret\u00edmi stranami, s ktor\u00fdmi je potrebn\u00e9 z\u00edska\u0165 s\u00fahlas. T\u00fdka sa nasleduj\u00facej strany alebo str\u00e1n:<\/p>\n<p class=\"cmplz-subtitle\">Spracovatelia<\/p>\n<p class=\"cmplz-subtitle\">Tretie strany<\/p>\n<p><b>Meno:<\/b>\u00a0Google LLC<br \/>\n<b>Krajina:<\/b>\u00a0Mountain View, Kalifornia, USA<br \/>\n<b>\u00da\u010del:<\/b>\u00a0Analytics<br \/>\n<b>\u00dadaje:<\/b><\/p>\n<h3>3. Cookies<\/h3>\n<p>N\u00e1\u0161 web pou\u017e\u00edva cookies. \u010eal\u0161ie inform\u00e1cie o s\u00faboroch cookie n\u00e1jdete v na\u0161ich z\u00e1sad\u00e1ch <a href=\"https:\/\/zofcik.com\/cookies\/\">Cookie <\/a>.<\/p>\n<p>So spolo\u010dnos\u0165ou Google sme uzavreli zmluvu o spracovan\u00ed \u00fadajov.<\/p>\n<p>Google nesmie pou\u017e\u00edva\u0165 \u00fadaje na \u017eiadne in\u00e9 slu\u017eby Google.<\/p>\n<p>Zahrnutie \u00fapln\u00fdch adries IP je zablokovan\u00e9.<\/p>\n<h3>4. Zabezpe\u010denie<\/h3>\n<p>Zaviazali sme sa k bezpe\u010dnosti osobn\u00fdch \u00fadajov. Prij\u00edmame primeran\u00e9 bezpe\u010dnostn\u00e9 opatrenia, aby sme obmedzili zneu\u017e\u00edvanie a neopr\u00e1vnen\u00fd pr\u00edstup k osobn\u00fdm \u00fadajom. To zais\u0165uje, \u017ee k va\u0161im \u00fadajom maj\u00fa pr\u00edstup iba nevyhnutn\u00e9 osoby, \u017ee pr\u00edstup k \u00fadajom je chr\u00e1nen\u00fd a na\u0161e bezpe\u010dnostn\u00e9 opatrenia s\u00fa pravidelne kontrolovan\u00e9.<\/p>\n<p>Bezpe\u010dnostn\u00e9 opatrenia, ktor\u00e9 pou\u017e\u00edvame, pozost\u00e1vaj\u00fa z:<\/p>\n<ul>\n<li>TLS \/ SSL<\/li>\n<li>HTTP Strict Transport Security<\/li>\n<\/ul>\n<h3>5. Webov\u00e9 str\u00e1nky tret\u00edch str\u00e1n<\/h3>\n<p>Toto vyhl\u00e1senie o ochrane osobn\u00fdch \u00fadajov sa nevz\u0165ahuje na webov\u00e9 str\u00e1nky tret\u00edch str\u00e1n prepojen\u00e9 odkazmi na na\u0161ich webov\u00fdch str\u00e1nkach. Nem\u00f4\u017eeme zaru\u010di\u0165, \u017ee tieto tretie strany bud\u00fa s va\u0161imi osobn\u00fdmi \u00fadajmi zaobch\u00e1dza\u0165 spo\u013eahlivo alebo bezpe\u010dne. Pred pou\u017eit\u00edm t\u00fdchto webov\u00fdch str\u00e1nok v\u00e1m odpor\u00fa\u010dame pre\u010d\u00edta\u0165 si vyhl\u00e1senia o ochrane osobn\u00fdch \u00fadajov t\u00fdchto webov\u00fdch str\u00e1nok.<\/p>\n<h3>6. Dodatky k tomuto vyhl\u00e1seniu o ochrane osobn\u00fdch \u00fadajov<\/h3>\n<p>Vyhradzujeme si pr\u00e1vo vykona\u0165 zmeny tohto vyhl\u00e1senia o ochrane osobn\u00fdch \u00fadajov. Odpor\u00fa\u010dame v\u00e1m pravidelne si pre\u0161tudova\u0165 toto vyhl\u00e1senie o ochrane osobn\u00fdch \u00fadajov, aby ste boli informovan\u00ed o ak\u00fdchko\u013evek zmen\u00e1ch. Okrem toho v\u00e1s budeme akt\u00edvne informova\u0165, kdeko\u013evek to bude mo\u017en\u00e9.<\/p>\n<h3>7. Pr\u00edstup k va\u0161im \u00fadajom a ich \u00faprav\u00e1m<\/h3>\n<p>Ak m\u00e1te ot\u00e1zky alebo chcete vedie\u0165, ak\u00e9 osobn\u00e9 \u00fadaje o v\u00e1s m\u00e1me, kontaktujte n\u00e1s. M\u00f4\u017eete n\u00e1s kontaktova\u0165 pomocou ni\u017e\u0161ie uveden\u00fdch inform\u00e1ci\u00ed. M\u00e1te nasleduj\u00face pr\u00e1va:<\/p>\n<ul>\n<li>M\u00e1te pr\u00e1vo vedie\u0165, pre\u010do s\u00fa va\u0161e osobn\u00e9 \u00fadaje potrebn\u00e9, \u010do sa s nimi stane a ako dlho bud\u00fa uchov\u00e1van\u00e9.<\/li>\n<li>Pr\u00e1vo na pr\u00edstup: M\u00e1te pr\u00e1vo na pr\u00edstup k svojim osobn\u00fdm \u00fadajom, ktor\u00e9 s\u00fa n\u00e1m zn\u00e1me.<\/li>\n<li>Pr\u00e1vo na opravu: m\u00e1te pr\u00e1vo kedyko\u013evek doplni\u0165, opravi\u0165, vymaza\u0165 alebo zablokova\u0165 va\u0161e osobn\u00e9 \u00fadaje.<\/li>\n<li>Ak n\u00e1m udel\u00edte s\u00fahlas so spracovan\u00edm va\u0161ich \u00fadajov, m\u00e1te pr\u00e1vo tento s\u00fahlas odvola\u0165 a vymaza\u0165 va\u0161e osobn\u00e9 \u00fadaje.<\/li>\n<li>Pr\u00e1vo na prenos va\u0161ich \u00fadajov: m\u00e1te pr\u00e1vo po\u017eadova\u0165 od spr\u00e1vcu v\u0161etky svoje osobn\u00e9 \u00fadaje a prenies\u0165 ich v celom rozsahu k \u010fal\u0161iemu prev\u00e1dzkovate\u013eovi.<\/li>\n<li>Pr\u00e1vo namieta\u0165: m\u00f4\u017eete vznies\u0165 n\u00e1mietku proti spracovaniu va\u0161ich \u00fadajov. Dodr\u017eiavame to, pokia\u013e neexistuj\u00fa od\u00f4vodnen\u00e9 d\u00f4vody na spracovanie.<\/li>\n<\/ul>\n<p>Uistite sa, \u017ee v\u017edy jasne uvediete, kto ste, aby sme si mohli by\u0165 ist\u00ed, \u017ee neuprav\u00edme ani nevyma\u017eeme \u017eiadne \u00fadaje nespr\u00e1vnej osoby.<\/p>\n<h3>8. Podanie s\u0165a\u017enosti<\/h3>\n<p>Ak nie ste spokojn\u00ed so sp\u00f4sobom, ak\u00fdm sprac\u00favame (s\u0165a\u017enos\u0165) na spracovanie va\u0161ich osobn\u00fdch \u00fadajov, m\u00e1te pr\u00e1vo poda\u0165 s\u0165a\u017enos\u0165 \u00faradu na ochranu \u00fadajov.<\/p>\n<h3>9. Kontaktn\u00e9 \u00fadaje<\/h3>\n<p>MCH Group s. r. o.<br \/>\nKonventn\u00e1 7, 811 03, Bratislava<br \/>\nSlovensko<br \/>\nWebov\u00e1 str\u00e1nka: <a href=\"https:\/\/mz.helloou.com\/en\/\">https:\/\/mz.helloou.com<\/a><br \/>\nE -mail: <span class=\"cmplz-obfuscate\">moc.liamg@avalsitarb.illaczem<\/span><br \/>\nTelef\u00f3nne \u010d\u00edslo: +421 949 548 725<\/p>","protected":false},"excerpt":{"rendered":"<p>Toto vyhl\u00e1senie o ochrane osobn\u00fdch \u00fadajov bolo naposledy aktualizovan\u00e9 27.09.2022 a vz\u0165ahuje sa na ob\u010danov a osoby s trval\u00fdm pobytom v Eur\u00f3pskom hospod\u00e1rskom priestore. V tomto vyhl\u00e1sen\u00ed o ochrane osobn\u00fdch \u00fadajov vysvet\u013eujeme, \u010do rob\u00edme s \u00fadajmi, ktor\u00e9 o v\u00e1s z\u00edskame [&hellip;]<\/p>","protected":false},"author":1,"featured_media":0,"parent":0,"menu_order":0,"comment_status":"closed","ping_status":"closed","template":"","meta":{"footnotes":""},"class_list":["post-6416","page","type-page","status-publish","hentry"],"yoast_head":"<!-- This site is optimized with the Yoast SEO plugin v24.5 - https:\/\/yoast.com\/wordpress\/plugins\/seo\/ -->\n<title>Z\u00e1sady pou\u017e\u00edvania s\u00faborov cookie (E\u00da) - Mezcalli<\/title>\n<meta name=\"robots\" content=\"noindex, follow, max-snippet:-1, max-image-preview:large, max-video-preview:-1\" \/>\n<meta property=\"og:locale\" content=\"en_GB\" \/>\n<meta property=\"og:type\" content=\"article\" \/>\n<meta property=\"og:title\" content=\"Z\u00e1sady pou\u017e\u00edvania s\u00faborov cookie (E\u00da) - Mezcalli\" \/>\n<meta property=\"og:description\" content=\"Toto vyhl\u00e1senie o ochrane osobn\u00fdch \u00fadajov bolo naposledy aktualizovan\u00e9 27.09.2022 a vz\u0165ahuje sa na ob\u010danov a osoby s trval\u00fdm pobytom v Eur\u00f3pskom hospod\u00e1rskom priestore. V tomto vyhl\u00e1sen\u00ed o ochrane osobn\u00fdch \u00fadajov vysvet\u013eujeme, \u010do rob\u00edme s \u00fadajmi, ktor\u00e9 o v\u00e1s z\u00edskame [&hellip;]\" \/>\n<meta property=\"og:url\" content=\"https:\/\/mz.helloou.com\/en\/zasady-pouzivania-suborov-cookie-eu\/\" \/>\n<meta property=\"og:site_name\" content=\"Mezcalli\" \/>\n<meta property=\"article:publisher\" content=\"https:\/\/www.facebook.com\/mezcallirestaurant\" \/>\n<meta property=\"article:modified_time\" content=\"2022-09-30T10:03:11+00:00\" \/>\n<meta name=\"twitter:card\" content=\"summary_large_image\" \/>\n<meta name=\"twitter:label1\" content=\"Estimated reading time\" \/>\n\t<meta name=\"twitter:data1\" content=\"5 minutes\" \/>\n<script type=\"application\/ld+json\" class=\"yoast-schema-graph\">{\"@context\":\"https:\/\/schema.org\",\"@graph\":[{\"@type\":\"WebPage\",\"@id\":\"https:\/\/mz.helloou.com\/zasady-pouzivania-suborov-cookie-eu\/\",\"url\":\"https:\/\/mz.helloou.com\/zasady-pouzivania-suborov-cookie-eu\/\",\"name\":\"Z\u00e1sady pou\u017e\u00edvania s\u00faborov cookie (E\u00da) - Mezcalli\",\"isPartOf\":{\"@id\":\"https:\/\/mz.helloou.com\/#website\"},\"datePublished\":\"2022-07-18T18:04:52+00:00\",\"dateModified\":\"2022-09-30T10:03:11+00:00\",\"breadcrumb\":{\"@id\":\"https:\/\/mz.helloou.com\/zasady-pouzivania-suborov-cookie-eu\/#breadcrumb\"},\"inLanguage\":\"en-GB\",\"potentialAction\":[{\"@type\":\"ReadAction\",\"target\":[\"https:\/\/mz.helloou.com\/zasady-pouzivania-suborov-cookie-eu\/\"]}]},{\"@type\":\"BreadcrumbList\",\"@id\":\"https:\/\/mz.helloou.com\/zasady-pouzivania-suborov-cookie-eu\/#breadcrumb\",\"itemListElement\":[{\"@type\":\"ListItem\",\"position\":1,\"name\":\"Home\",\"item\":\"https:\/\/mz.helloou.com\/\"},{\"@type\":\"ListItem\",\"position\":2,\"name\":\"Z\u00e1sady pou\u017e\u00edvania s\u00faborov cookie (E\u00da)\"}]},{\"@type\":\"WebSite\",\"@id\":\"https:\/\/mz.helloou.com\/#website\",\"url\":\"https:\/\/mz.helloou.com\/\",\"name\":\"Mezcalli\",\"description\":\"Mexick\u00e1 re\u0161taur\u00e1cia\",\"publisher\":{\"@id\":\"https:\/\/mz.helloou.com\/#organization\"},\"potentialAction\":[{\"@type\":\"SearchAction\",\"target\":{\"@type\":\"EntryPoint\",\"urlTemplate\":\"https:\/\/mz.helloou.com\/?s={search_term_string}\"},\"query-input\":{\"@type\":\"PropertyValueSpecification\",\"valueRequired\":true,\"valueName\":\"search_term_string\"}}],\"inLanguage\":\"en-GB\"},{\"@type\":\"Organization\",\"@id\":\"https:\/\/mz.helloou.com\/#organization\",\"name\":\"Mezcalli\",\"url\":\"https:\/\/mz.helloou.com\/\",\"logo\":{\"@type\":\"ImageObject\",\"inLanguage\":\"en-GB\",\"@id\":\"https:\/\/mz.helloou.com\/#\/schema\/logo\/image\/\",\"url\":\"https:\/\/mz.helloou.com\/wp-content\/uploads\/2022\/04\/mezcalli-black.svg\",\"contentUrl\":\"https:\/\/mz.helloou.com\/wp-content\/uploads\/2022\/04\/mezcalli-black.svg\",\"width\":218,\"height\":204,\"caption\":\"Mezcalli\"},\"image\":{\"@id\":\"https:\/\/mz.helloou.com\/#\/schema\/logo\/image\/\"},\"sameAs\":[\"https:\/\/www.facebook.com\/mezcallirestaurant\",\"https:\/\/www.instagram.com\/mezcalli.restaurant\/\",\"https:\/\/www.tripadvisor.com\/Restaurant_Review-g274924-d23896041-Reviews-Mezcalli_Bratislava-Bratislava_Bratislava_Region.html\"]}]}<\/script>\n<!-- \/ Yoast SEO plugin. -->","yoast_head_json":{"title":"Z\u00e1sady pou\u017e\u00edvania s\u00faborov cookie (E\u00da) - Mezcalli","robots":{"index":"noindex","follow":"follow","max-snippet":"max-snippet:-1","max-image-preview":"max-image-preview:large","max-video-preview":"max-video-preview:-1"},"og_locale":"en_GB","og_type":"article","og_title":"Z\u00e1sady pou\u017e\u00edvania s\u00faborov cookie (E\u00da) - Mezcalli","og_description":"Toto vyhl\u00e1senie o ochrane osobn\u00fdch \u00fadajov bolo naposledy aktualizovan\u00e9 27.09.2022 a vz\u0165ahuje sa na ob\u010danov a osoby s trval\u00fdm pobytom v Eur\u00f3pskom hospod\u00e1rskom priestore. V tomto vyhl\u00e1sen\u00ed o ochrane osobn\u00fdch \u00fadajov vysvet\u013eujeme, \u010do rob\u00edme s \u00fadajmi, ktor\u00e9 o v\u00e1s z\u00edskame [&hellip;]","og_url":"https:\/\/mz.helloou.com\/en\/zasady-pouzivania-suborov-cookie-eu\/","og_site_name":"Mezcalli","article_publisher":"https:\/\/www.facebook.com\/mezcallirestaurant","article_modified_time":"2022-09-30T10:03:11+00:00","twitter_card":"summary_large_image","twitter_misc":{"Estimated reading time":"5 minutes"},"schema":{"@context":"https:\/\/schema.org","@graph":[{"@type":"WebPage","@id":"https:\/\/mz.helloou.com\/zasady-pouzivania-suborov-cookie-eu\/","url":"https:\/\/mz.helloou.com\/zasady-pouzivania-suborov-cookie-eu\/","name":"Z\u00e1sady pou\u017e\u00edvania s\u00faborov cookie (E\u00da) - Mezcalli","isPartOf":{"@id":"https:\/\/mz.helloou.com\/#website"},"datePublished":"2022-07-18T18:04:52+00:00","dateModified":"2022-09-30T10:03:11+00:00","breadcrumb":{"@id":"https:\/\/mz.helloou.com\/zasady-pouzivania-suborov-cookie-eu\/#breadcrumb"},"inLanguage":"en-GB","potentialAction":[{"@type":"ReadAction","target":["https:\/\/mz.helloou.com\/zasady-pouzivania-suborov-cookie-eu\/"]}]},{"@type":"BreadcrumbList","@id":"https:\/\/mz.helloou.com\/zasady-pouzivania-suborov-cookie-eu\/#breadcrumb","itemListElement":[{"@type":"ListItem","position":1,"name":"Home","item":"https:\/\/mz.helloou.com\/"},{"@type":"ListItem","position":2,"name":"Z\u00e1sady pou\u017e\u00edvania s\u00faborov cookie (E\u00da)"}]},{"@type":"WebSite","@id":"https:\/\/mz.helloou.com\/#website","url":"https:\/\/mz.helloou.com\/","name":"Mezcalli","description":"Mexick\u00e1 re\u0161taur\u00e1cia","publisher":{"@id":"https:\/\/mz.helloou.com\/#organization"},"potentialAction":[{"@type":"SearchAction","target":{"@type":"EntryPoint","urlTemplate":"https:\/\/mz.helloou.com\/?s={search_term_string}"},"query-input":{"@type":"PropertyValueSpecification","valueRequired":true,"valueName":"search_term_string"}}],"inLanguage":"en-GB"},{"@type":"Organization","@id":"https:\/\/mz.helloou.com\/#organization","name":"Mezcalli","url":"https:\/\/mz.helloou.com\/","logo":{"@type":"ImageObject","inLanguage":"en-GB","@id":"https:\/\/mz.helloou.com\/#\/schema\/logo\/image\/","url":"https:\/\/mz.helloou.com\/wp-content\/uploads\/2022\/04\/mezcalli-black.svg","contentUrl":"https:\/\/mz.helloou.com\/wp-content\/uploads\/2022\/04\/mezcalli-black.svg","width":218,"height":204,"caption":"Mezcalli"},"image":{"@id":"https:\/\/mz.helloou.com\/#\/schema\/logo\/image\/"},"sameAs":["https:\/\/www.facebook.com\/mezcallirestaurant","https:\/\/www.instagram.com\/mezcalli.restaurant\/","https:\/\/www.tripadvisor.com\/Restaurant_Review-g274924-d23896041-Reviews-Mezcalli_Bratislava-Bratislava_Bratislava_Region.html"]}]}},"_links":{"self":[{"href":"https:\/\/mz.helloou.com\/en\/wp-json\/wp\/v2\/pages\/6416","targetHints":{"allow":["GET"]}}],"collection":[{"href":"https:\/\/mz.helloou.com\/en\/wp-json\/wp\/v2\/pages"}],"about":[{"href":"https:\/\/mz.helloou.com\/en\/wp-json\/wp\/v2\/types\/page"}],"author":[{"embeddable":true,"href":"https:\/\/mz.helloou.com\/en\/wp-json\/wp\/v2\/users\/1"}],"replies":[{"embeddable":true,"href":"https:\/\/mz.helloou.com\/en\/wp-json\/wp\/v2\/comments?post=6416"}],"version-history":[{"count":1,"href":"https:\/\/mz.helloou.com\/en\/wp-json\/wp\/v2\/pages\/6416\/revisions"}],"predecessor-version":[{"id":6479,"href":"https:\/\/mz.helloou.com\/en\/wp-json\/wp\/v2\/pages\/6416\/revisions\/6479"}],"wp:attachment":[{"href":"https:\/\/mz.helloou.com\/en\/wp-json\/wp\/v2\/media?parent=6416"}],"curies":[{"name":"wp","href":"https:\/\/api.w.org\/{rel}","templated":true}]}}